{"id":687,"date":"2022-03-09T16:39:39","date_gmt":"2022-03-09T15:39:39","guid":{"rendered":"https:\/\/pasturs-voluntaris.ch\/index.php\/password-reset\/"},"modified":"2022-06-22T11:49:52","modified_gmt":"2022-06-22T09:49:52","slug":"password-reset","status":"publish","type":"page","link":"https:\/\/pasturs-voluntaris.ch\/ro\/password-reset\/","title":{"rendered":"Remetter il pled-clav"},"content":{"rendered":"<div data-elementor-type=\"wp-page\" data-elementor-id=\"687\" class=\"elementor elementor-687\" data-elementor-post-type=\"page\">\n\t\t\t\t\t\t<section class=\"elementor-section elementor-top-section elementor-element elementor-element-1c327e48 elementor-section-height-min-height elementor-section-items-bottom elementor-section-boxed elementor-section-height-default\" data-id=\"1c327e48\" data-element_type=\"section\" data-e-type=\"section\" data-settings=\"{&quot;background_background&quot;:&quot;classic&quot;}\">\n\t\t\t\t\t\t\t<div class=\"elementor-background-overlay\"><\/div>\n\t\t\t\t\t\t\t<div class=\"elementor-container elementor-column-gap-default\">\n\t\t\t\t\t<div class=\"elementor-column elementor-col-100 elementor-top-column elementor-element elementor-element-2c5d0897\" data-id=\"2c5d0897\" data-element_type=\"column\" data-e-type=\"column\">\n\t\t\t<div class=\"elementor-widget-wrap elementor-element-populated\">\n\t\t\t\t\t\t<div class=\"elementor-element elementor-element-2fba0a01 elementor-widget elementor-widget-heading\" data-id=\"2fba0a01\" data-element_type=\"widget\" data-e-type=\"widget\" data-widget_type=\"heading.default\">\n\t\t\t\t<div class=\"elementor-widget-container\">\n\t\t\t\t\t<h1 class=\"elementor-heading-title elementor-size-default\">REDEFINIR IL PLED-CLAV<\/h1>\t\t\t\t<\/div>\n\t\t\t\t<\/div>\n\t\t\t\t\t<\/div>\n\t\t<\/div>\n\t\t\t\t\t<\/div>\n\t\t<\/section>\n\t\t\t\t<section class=\"elementor-section elementor-top-section elementor-element elementor-element-7c72d60d elementor-section-boxed elementor-section-height-default elementor-section-height-default\" data-id=\"7c72d60d\" data-element_type=\"section\" data-e-type=\"section\">\n\t\t\t\t\t\t<div class=\"elementor-container elementor-column-gap-default\">\n\t\t\t\t\t<div class=\"elementor-column elementor-col-33 elementor-top-column elementor-element elementor-element-d5ff3bd\" data-id=\"d5ff3bd\" data-element_type=\"column\" data-e-type=\"column\">\n\t\t\t<div class=\"elementor-widget-wrap\">\n\t\t\t\t\t\t\t<\/div>\n\t\t<\/div>\n\t\t\t\t<div class=\"elementor-column elementor-col-33 elementor-top-column elementor-element elementor-element-887ca4e\" data-id=\"887ca4e\" data-element_type=\"column\" data-e-type=\"column\">\n\t\t\t<div class=\"elementor-widget-wrap elementor-element-populated\">\n\t\t\t\t\t\t<div class=\"elementor-element elementor-element-57fabb46 elementor-widget elementor-widget-heading\" data-id=\"57fabb46\" data-element_type=\"widget\" data-e-type=\"widget\" data-widget_type=\"heading.default\">\n\t\t\t\t<div class=\"elementor-widget-container\">\n\t\t\t\t\t<h2 class=\"elementor-heading-title elementor-size-default\">Remetta tes pled-clav<\/h2>\t\t\t\t<\/div>\n\t\t\t\t<\/div>\n\t\t\t\t\t<\/div>\n\t\t<\/div>\n\t\t\t\t<div class=\"elementor-column elementor-col-33 elementor-top-column elementor-element elementor-element-774c8ba3\" data-id=\"774c8ba3\" data-element_type=\"column\" data-e-type=\"column\">\n\t\t\t<div class=\"elementor-widget-wrap\">\n\t\t\t\t\t\t\t<\/div>\n\t\t<\/div>\n\t\t\t\t\t<\/div>\n\t\t<\/section>\n\t\t\t\t<section class=\"elementor-section elementor-top-section elementor-element elementor-element-7b102cba elementor-section-boxed elementor-section-height-default elementor-section-height-default\" data-id=\"7b102cba\" data-element_type=\"section\" data-e-type=\"section\">\n\t\t\t\t\t\t<div class=\"elementor-container elementor-column-gap-default\">\n\t\t\t\t\t<div class=\"elementor-column elementor-col-100 elementor-top-column elementor-element elementor-element-72fa8f61\" data-id=\"72fa8f61\" data-element_type=\"column\" data-e-type=\"column\">\n\t\t\t<div class=\"elementor-widget-wrap elementor-element-populated\">\n\t\t\t\t\t\t<div class=\"elementor-element elementor-element-1dddf01 elementor-widget elementor-widget-text-editor\" data-id=\"1dddf01\" data-element_type=\"widget\" data-e-type=\"widget\" data-widget_type=\"text-editor.default\">\n\t\t\t\t<div class=\"elementor-widget-container\">\n\t\t\t\t\t\t\t\t\t<div class=\"um um-password um-um_password_id\">\n\t<div class=\"um-form\">\n\t\t<form method=\"post\" action=\"\" data-trp-original-action=\"\">\n\t\t\t\n\t\t\t\t<input type=\"hidden\" name=\"_um_password_reset\" id=\"_um_password_reset\" value=\"1\" \/>\n\n\t\t\t\t\t\t\t\t\t<div class=\"um-field um-field-block um-field-type_block\">\n\t\t\t\t\t\t<div class=\"um-field-block\">\n\t\t\t\t\t\t\t<div style=\"text-align:center;\">\n\t\t\t\t\t\t\t\tTo reset your password, please enter your email address or username below.\t\t\t\t\t\t\t<\/div>\n\t\t\t\t\t\t<\/div>\n\t\t\t\t\t<\/div>\n\t\t\t\t\t<div  id=\"um_field_0_username_b\" class=\"um-field um-field-text  um-field-username_b um-field-text um-field-type_text\" data-key=\"username_b\"><div class=\"um-field-area\"><input  autocomplete=\"off\" class=\"um-form-field valid\" type=\"text\" name=\"username_b\" id=\"username_b\" value=\"\" placeholder=\"Enter your username or email\" data-validate=\"\" data-key=\"username_b\"  aria-invalid=\"false\" \/>\n\n\t\t\t\t\t\t<\/div><\/div>\t\t\t\t<div class=\"um-col-alt um-col-alt-b\">\n\t\t\t\t\t<div class=\"um-center\">\n\t\t\t\t\t\t<input type=\"submit\" value=\"Reset password\" class=\"um-button\" id=\"um-submit-btn\" \/>\n\t\t\t\t\t<\/div>\n\t\t\t\t\t<div class=\"um-clear\"><\/div>\n\t\t\t\t<\/div>\n\t\t\t\t\t<input type=\"hidden\" name=\"form_id\" id=\"form_id_um_password_id\" value=\"um_password_id\" \/>\n\t\t<p class=\"um_request_name\">\n\t\t<label for=\"um_request_um_password_id\">Only fill in if you are not human<\/label>\n\t\t<input type=\"hidden\" name=\"um_request\" id=\"um_request_um_password_id\" class=\"input\" value=\"\" size=\"25\" autocomplete=\"off\" \/>\n\t<\/p>\n\t\t\t<input type=\"hidden\" name=\"trp-form-language\" value=\"ro\"\/><\/form>\n\t<\/div>\n<\/div>\n<style>\n\t\t\t.um-um_password_id.um {\n\t\t\tmax-width: 450px;\n\t\t}\n\t\t<\/style>\n\t\t\t\t\t\t\t\t<\/div>\n\t\t\t\t<\/div>\n\t\t\t\t\t<\/div>\n\t\t<\/div>\n\t\t\t\t\t<\/div>\n\t\t<\/section>\n\t\t\t\t<\/div>","protected":false},"excerpt":{"rendered":"<p>PASSWORT ZUR\u00dcCKSETZEN Setze dein Passwort zur\u00fcck<\/p>","protected":false},"author":1,"featured_media":0,"parent":0,"menu_order":0,"comment_status":"closed","ping_status":"closed","template":"","meta":{"_acf_changed":false,"footnotes":""},"class_list":["post-687","page","type-page","status-publish","hentry"],"acf":[],"yoast_head":"<!-- This site is optimized with the Yoast SEO plugin v27.3 - https:\/\/yoast.com\/product\/yoast-seo-wordpress\/ -->\n<title>Passwort zur\u00fccksetzen - Pasturs Voluntaris<\/title>\n<meta name=\"robots\" content=\"noindex, nofollow\" \/>\n<meta property=\"og:locale\" content=\"en_US\" \/>\n<meta property=\"og:type\" content=\"article\" \/>\n<meta property=\"og:title\" content=\"Passwort zur\u00fccksetzen - Pasturs Voluntaris\" \/>\n<meta property=\"og:description\" content=\"PASSWORT ZUR\u00dcCKSETZEN Setze dein Passwort zur\u00fcck\" \/>\n<meta property=\"og:url\" content=\"https:\/\/pasturs-voluntaris.ch\/ro\/password-reset\/\" \/>\n<meta property=\"og:site_name\" content=\"Pasturs Voluntaris\" \/>\n<meta property=\"article:modified_time\" content=\"2022-06-22T09:49:52+00:00\" \/>\n<meta name=\"twitter:card\" content=\"summary_large_image\" \/>\n<meta name=\"twitter:label1\" content=\"Est. reading time\" \/>\n\t<meta name=\"twitter:data1\" content=\"1 minute\" \/>\n<script type=\"application\/ld+json\" class=\"yoast-schema-graph\">{\"@context\":\"https:\\\/\\\/schema.org\",\"@graph\":[{\"@type\":\"WebPage\",\"@id\":\"https:\\\/\\\/pasturs-voluntaris.ch\\\/password-reset\\\/\",\"url\":\"https:\\\/\\\/pasturs-voluntaris.ch\\\/password-reset\\\/\",\"name\":\"Passwort zur\u00fccksetzen - Pasturs Voluntaris\",\"isPartOf\":{\"@id\":\"https:\\\/\\\/pasturs-voluntaris.ch\\\/#website\"},\"datePublished\":\"2022-03-09T15:39:39+00:00\",\"dateModified\":\"2022-06-22T09:49:52+00:00\",\"breadcrumb\":{\"@id\":\"https:\\\/\\\/pasturs-voluntaris.ch\\\/password-reset\\\/#breadcrumb\"},\"inLanguage\":\"ch-ro\",\"potentialAction\":[{\"@type\":\"ReadAction\",\"target\":[\"https:\\\/\\\/pasturs-voluntaris.ch\\\/password-reset\\\/\"]}]},{\"@type\":\"BreadcrumbList\",\"@id\":\"https:\\\/\\\/pasturs-voluntaris.ch\\\/password-reset\\\/#breadcrumb\",\"itemListElement\":[{\"@type\":\"ListItem\",\"position\":1,\"name\":\"Startseite\",\"item\":\"https:\\\/\\\/pasturs-voluntaris.ch\\\/\"},{\"@type\":\"ListItem\",\"position\":2,\"name\":\"Passwort zur\u00fccksetzen\"}]},{\"@type\":\"WebSite\",\"@id\":\"https:\\\/\\\/pasturs-voluntaris.ch\\\/#website\",\"url\":\"https:\\\/\\\/pasturs-voluntaris.ch\\\/\",\"name\":\"Pasturs Voluntaris\",\"description\":\"Gemeinsam f\u00fcr den Herdenschutz Graub\u00fcnden\",\"publisher\":{\"@id\":\"https:\\\/\\\/pasturs-voluntaris.ch\\\/#organization\"},\"potentialAction\":[{\"@type\":\"SearchAction\",\"target\":{\"@type\":\"EntryPoint\",\"urlTemplate\":\"https:\\\/\\\/pasturs-voluntaris.ch\\\/?s={search_term_string}\"},\"query-input\":{\"@type\":\"PropertyValueSpecification\",\"valueRequired\":true,\"valueName\":\"search_term_string\"}}],\"inLanguage\":\"ch-ro\"},{\"@type\":\"Organization\",\"@id\":\"https:\\\/\\\/pasturs-voluntaris.ch\\\/#organization\",\"name\":\"Pasturs Voluntaris\",\"url\":\"https:\\\/\\\/pasturs-voluntaris.ch\\\/\",\"logo\":{\"@type\":\"ImageObject\",\"inLanguage\":\"ch-ro\",\"@id\":\"https:\\\/\\\/pasturs-voluntaris.ch\\\/#\\\/schema\\\/logo\\\/image\\\/\",\"url\":false,\"contentUrl\":false,\"width\":839,\"height\":349,\"caption\":\"Pasturs Voluntaris\"},\"image\":{\"@id\":\"https:\\\/\\\/pasturs-voluntaris.ch\\\/#\\\/schema\\\/logo\\\/image\\\/\"}}]}<\/script>\n<!-- \/ Yoast SEO plugin. -->","yoast_head_json":{"title":"Passwort zur\u00fccksetzen - Pasturs Voluntaris","robots":{"index":"noindex","follow":"nofollow"},"og_locale":"en_US","og_type":"article","og_title":"Passwort zur\u00fccksetzen - Pasturs Voluntaris","og_description":"PASSWORT ZUR\u00dcCKSETZEN Setze dein Passwort zur\u00fcck","og_url":"https:\/\/pasturs-voluntaris.ch\/ro\/password-reset\/","og_site_name":"Pasturs Voluntaris","article_modified_time":"2022-06-22T09:49:52+00:00","twitter_card":"summary_large_image","twitter_misc":{"Est. reading time":"1 minute"},"schema":{"@context":"https:\/\/schema.org","@graph":[{"@type":"WebPage","@id":"https:\/\/pasturs-voluntaris.ch\/password-reset\/","url":"https:\/\/pasturs-voluntaris.ch\/password-reset\/","name":"Passwort zur\u00fccksetzen - Pasturs Voluntaris","isPartOf":{"@id":"https:\/\/pasturs-voluntaris.ch\/#website"},"datePublished":"2022-03-09T15:39:39+00:00","dateModified":"2022-06-22T09:49:52+00:00","breadcrumb":{"@id":"https:\/\/pasturs-voluntaris.ch\/password-reset\/#breadcrumb"},"inLanguage":"ch-ro","potentialAction":[{"@type":"ReadAction","target":["https:\/\/pasturs-voluntaris.ch\/password-reset\/"]}]},{"@type":"BreadcrumbList","@id":"https:\/\/pasturs-voluntaris.ch\/password-reset\/#breadcrumb","itemListElement":[{"@type":"ListItem","position":1,"name":"Startseite","item":"https:\/\/pasturs-voluntaris.ch\/"},{"@type":"ListItem","position":2,"name":"Passwort zur\u00fccksetzen"}]},{"@type":"WebSite","@id":"https:\/\/pasturs-voluntaris.ch\/#website","url":"https:\/\/pasturs-voluntaris.ch\/","name":"Pasturs Voluntaris","description":"Gemeinsam f\u00fcr den Herdenschutz Graub\u00fcnden","publisher":{"@id":"https:\/\/pasturs-voluntaris.ch\/#organization"},"potentialAction":[{"@type":"SearchAction","target":{"@type":"EntryPoint","urlTemplate":"https:\/\/pasturs-voluntaris.ch\/?s={search_term_string}"},"query-input":{"@type":"PropertyValueSpecification","valueRequired":true,"valueName":"search_term_string"}}],"inLanguage":"ch-ro"},{"@type":"Organization","@id":"https:\/\/pasturs-voluntaris.ch\/#organization","name":"Pasturs Voluntaris","url":"https:\/\/pasturs-voluntaris.ch\/","logo":{"@type":"ImageObject","inLanguage":"ch-ro","@id":"https:\/\/pasturs-voluntaris.ch\/#\/schema\/logo\/image\/","url":false,"contentUrl":false,"width":839,"height":349,"caption":"Pasturs Voluntaris"},"image":{"@id":"https:\/\/pasturs-voluntaris.ch\/#\/schema\/logo\/image\/"}}]}},"_links":{"self":[{"href":"https:\/\/pasturs-voluntaris.ch\/ro\/wp-json\/wp\/v2\/pages\/687","targetHints":{"allow":["GET"]}}],"collection":[{"href":"https:\/\/pasturs-voluntaris.ch\/ro\/wp-json\/wp\/v2\/pages"}],"about":[{"href":"https:\/\/pasturs-voluntaris.ch\/ro\/wp-json\/wp\/v2\/types\/page"}],"author":[{"embeddable":true,"href":"https:\/\/pasturs-voluntaris.ch\/ro\/wp-json\/wp\/v2\/users\/1"}],"replies":[{"embeddable":true,"href":"https:\/\/pasturs-voluntaris.ch\/ro\/wp-json\/wp\/v2\/comments?post=687"}],"version-history":[{"count":3,"href":"https:\/\/pasturs-voluntaris.ch\/ro\/wp-json\/wp\/v2\/pages\/687\/revisions"}],"predecessor-version":[{"id":4428,"href":"https:\/\/pasturs-voluntaris.ch\/ro\/wp-json\/wp\/v2\/pages\/687\/revisions\/4428"}],"wp:attachment":[{"href":"https:\/\/pasturs-voluntaris.ch\/ro\/wp-json\/wp\/v2\/media?parent=687"}],"curies":[{"name":"wp","href":"https:\/\/api.w.org\/{rel}","templated":true}]}}