{"id":3692,"date":"2022-04-28T17:15:46","date_gmt":"2022-04-28T15:15:46","guid":{"rendered":"https:\/\/pasturs-voluntaris.ch\/?page_id=3692"},"modified":"2022-06-22T11:23:37","modified_gmt":"2022-06-22T09:23:37","slug":"fehlende-berechtigung","status":"publish","type":"page","link":"https:\/\/pasturs-voluntaris.ch\/ro\/fehlende-berechtigung\/","title":{"rendered":"Mancanza d'autorisaziun"},"content":{"rendered":"<div data-elementor-type=\"wp-page\" data-elementor-id=\"3692\" class=\"elementor elementor-3692\" data-elementor-post-type=\"page\">\n\t\t\t\t\t\t<section class=\"elementor-section elementor-top-section elementor-element elementor-element-893e38d elementor-section-boxed elementor-section-height-default elementor-section-height-default\" data-id=\"893e38d\" data-element_type=\"section\">\n\t\t\t\t\t\t<div class=\"elementor-container elementor-column-gap-default\">\n\t\t\t\t\t<div class=\"elementor-column elementor-col-100 elementor-top-column elementor-element elementor-element-ec681f1\" data-id=\"ec681f1\" data-element_type=\"column\">\n\t\t\t<div class=\"elementor-widget-wrap elementor-element-populated\">\n\t\t\t\t\t\t<div class=\"elementor-element elementor-element-2c7f534 elementor-widget elementor-widget-heading\" data-id=\"2c7f534\" data-element_type=\"widget\" data-widget_type=\"heading.default\">\n\t\t\t\t<div class=\"elementor-widget-container\">\n\t\t\t\t\t<h2 class=\"elementor-heading-title elementor-size-default\">Mancanza d'autorisaziun<\/h2>\t\t\t\t<\/div>\n\t\t\t\t<\/div>\n\t\t\t\t<div class=\"elementor-element elementor-element-4c37497 elementor-widget elementor-widget-heading\" data-id=\"4c37497\" data-element_type=\"widget\" data-widget_type=\"heading.default\">\n\t\t\t\t<div class=\"elementor-widget-container\">\n\t\t\t\t\t<p class=\"elementor-heading-title elementor-size-default\">Uvestgas ti annunzi\u00e0? Alura mancan displaschaivlamain las autorisaziuns necessarias per pudair prender invista dals engaschis en questa categoria. Uschiglio pos ti t\u2019annunziar sur il nuv sutvart. \n<\/p>\t\t\t\t<\/div>\n\t\t\t\t<\/div>\n\t\t\t\t<section class=\"elementor-section elementor-inner-section elementor-element elementor-element-56e790e elementor-section-boxed elementor-section-height-default elementor-section-height-default\" data-id=\"56e790e\" data-element_type=\"section\">\n\t\t\t\t\t\t<div class=\"elementor-container elementor-column-gap-default\">\n\t\t\t\t\t<div class=\"elementor-column elementor-col-33 elementor-inner-column elementor-element elementor-element-ebc1553\" data-id=\"ebc1553\" data-element_type=\"column\">\n\t\t\t<div class=\"elementor-widget-wrap elementor-element-populated\">\n\t\t\t\t\t\t<div class=\"elementor-element elementor-element-f3fe712 animated-fast elementor-align-right elementor-mobile-align-center elementor-invisible elementor-widget elementor-widget-button\" data-id=\"f3fe712\" data-element_type=\"widget\" data-settings=\"{&quot;_animation&quot;:&quot;fadeInUp&quot;,&quot;_animation_delay&quot;:100}\" data-widget_type=\"button.default\">\n\t\t\t\t<div class=\"elementor-widget-container\">\n\t\t\t\t\t\t\t\t\t<div class=\"elementor-button-wrapper\">\n\t\t\t\t\t<a class=\"elementor-button elementor-button-link elementor-size-sm\" href=\"https:\/\/pasturs-voluntaris.ch\/ro\/einsaetze-s\/\">\n\t\t\t\t\t\t<span class=\"elementor-button-content-wrapper\">\n\t\t\t\t\t\t\t\t\t<span class=\"elementor-button-text\">Enavos tar ils engaschis<\/span>\n\t\t\t\t\t<\/span>\n\t\t\t\t\t<\/a>\n\t\t\t\t<\/div>\n\t\t\t\t\t\t\t\t<\/div>\n\t\t\t\t<\/div>\n\t\t\t\t\t<\/div>\n\t\t<\/div>\n\t\t\t\t<div class=\"elementor-column elementor-col-33 elementor-inner-column elementor-element elementor-element-c7e037e\" data-id=\"c7e037e\" data-element_type=\"column\">\n\t\t\t<div class=\"elementor-widget-wrap elementor-element-populated\">\n\t\t\t\t\t\t<div class=\"elementor-element elementor-element-c8e9658 animated-fast elementor-align-center elementor-mobile-align-center elementor-invisible elementor-widget elementor-widget-button\" data-id=\"c8e9658\" data-element_type=\"widget\" data-settings=\"{&quot;_animation&quot;:&quot;fadeInUp&quot;,&quot;_animation_delay&quot;:100}\" data-widget_type=\"button.default\">\n\t\t\t\t<div class=\"elementor-widget-container\">\n\t\t\t\t\t\t\t\t\t<div class=\"elementor-button-wrapper\">\n\t\t\t\t\t<a class=\"elementor-button elementor-button-link elementor-size-sm\" href=\"https:\/\/pasturs-voluntaris.ch\/ro\/anmelden\/\">\n\t\t\t\t\t\t<span class=\"elementor-button-content-wrapper\">\n\t\t\t\t\t\t\t\t\t<span class=\"elementor-button-text\">S'annunziar<\/span>\n\t\t\t\t\t<\/span>\n\t\t\t\t\t<\/a>\n\t\t\t\t<\/div>\n\t\t\t\t\t\t\t\t<\/div>\n\t\t\t\t<\/div>\n\t\t\t\t\t<\/div>\n\t\t<\/div>\n\t\t\t\t<div class=\"elementor-column elementor-col-33 elementor-inner-column elementor-element elementor-element-7772df9\" data-id=\"7772df9\" data-element_type=\"column\">\n\t\t\t<div class=\"elementor-widget-wrap elementor-element-populated\">\n\t\t\t\t\t\t<div class=\"elementor-element elementor-element-071a4f9 animated-fast elementor-align-left elementor-mobile-align-center elementor-invisible elementor-widget elementor-widget-button\" data-id=\"071a4f9\" data-element_type=\"widget\" data-settings=\"{&quot;_animation&quot;:&quot;fadeInUp&quot;,&quot;_animation_delay&quot;:100}\" data-widget_type=\"button.default\">\n\t\t\t\t<div class=\"elementor-widget-container\">\n\t\t\t\t\t\t\t\t\t<div class=\"elementor-button-wrapper\">\n\t\t\t\t\t<a class=\"elementor-button elementor-button-link elementor-size-sm\" href=\"https:\/\/pasturs-voluntaris.ch\/ro\/helfer-in-werden\/\">\n\t\t\t\t\t\t<span class=\"elementor-button-content-wrapper\">\n\t\t\t\t\t\t\t\t\t<span class=\"elementor-button-text\">Sa registrar<\/span>\n\t\t\t\t\t<\/span>\n\t\t\t\t\t<\/a>\n\t\t\t\t<\/div>\n\t\t\t\t\t\t\t\t<\/div>\n\t\t\t\t<\/div>\n\t\t\t\t\t<\/div>\n\t\t<\/div>\n\t\t\t\t\t<\/div>\n\t\t<\/section>\n\t\t\t\t<section class=\"elementor-section elementor-inner-section elementor-element elementor-element-78896d3 elementor-section-boxed elementor-section-height-default elementor-section-height-default\" data-id=\"78896d3\" data-element_type=\"section\">\n\t\t\t\t\t\t<div class=\"elementor-container elementor-column-gap-default\">\n\t\t\t\t\t<div class=\"elementor-column elementor-col-100 elementor-inner-column elementor-element elementor-element-908234a\" data-id=\"908234a\" data-element_type=\"column\">\n\t\t\t<div class=\"elementor-widget-wrap\">\n\t\t\t\t\t\t\t<\/div>\n\t\t<\/div>\n\t\t\t\t\t<\/div>\n\t\t<\/section>\n\t\t\t\t\t<\/div>\n\t\t<\/div>\n\t\t\t\t\t<\/div>\n\t\t<\/section>\n\t\t\t\t<\/div>","protected":false},"excerpt":{"rendered":"<p>Fehlende Berechtigung Bist du angemeldet? Dann fehlen dir leider die n\u00f6tigen Berechtigungen, um Eins\u00e4tze in dieser Kategorie einzusehen. Sonst kannst du dich \u00fcber den untenstehenden Button anmelden. Zur\u00fcck zu den Eins\u00e4tzen Anmelden Registrieren<\/p>","protected":false},"author":1,"featured_media":0,"parent":0,"menu_order":0,"comment_status":"closed","ping_status":"closed","template":"","meta":{"_acf_changed":false,"footnotes":""},"class_list":["post-3692","page","type-page","status-publish","hentry"],"acf":[],"yoast_head":"<!-- This site is optimized with the Yoast SEO plugin v25.7 - https:\/\/yoast.com\/wordpress\/plugins\/seo\/ -->\n<title>Fehlende Berechtigung - Pasturs Voluntaris<\/title>\n<meta name=\"robots\" content=\"noindex, nofollow\" \/>\n<meta property=\"og:locale\" content=\"en_US\" \/>\n<meta property=\"og:type\" content=\"article\" \/>\n<meta property=\"og:title\" content=\"Fehlende Berechtigung - Pasturs Voluntaris\" \/>\n<meta property=\"og:description\" content=\"Fehlende Berechtigung Bist du angemeldet? Dann fehlen dir leider die n\u00f6tigen Berechtigungen, um Eins\u00e4tze in dieser Kategorie einzusehen. Sonst kannst du dich \u00fcber den untenstehenden Button anmelden. Zur\u00fcck zu den Eins\u00e4tzen Anmelden Registrieren\" \/>\n<meta property=\"og:url\" content=\"https:\/\/pasturs-voluntaris.ch\/ro\/fehlende-berechtigung\/\" \/>\n<meta property=\"og:site_name\" content=\"Pasturs Voluntaris\" \/>\n<meta property=\"article:modified_time\" content=\"2022-06-22T09:23:37+00:00\" \/>\n<meta name=\"twitter:card\" content=\"summary_large_image\" \/>\n<meta name=\"twitter:label1\" content=\"Est. reading time\" \/>\n\t<meta name=\"twitter:data1\" content=\"1 minute\" \/>\n<script type=\"application\/ld+json\" class=\"yoast-schema-graph\">{\"@context\":\"https:\/\/schema.org\",\"@graph\":[{\"@type\":\"WebPage\",\"@id\":\"https:\/\/pasturs-voluntaris.ch\/fehlende-berechtigung\/\",\"url\":\"https:\/\/pasturs-voluntaris.ch\/fehlende-berechtigung\/\",\"name\":\"Fehlende Berechtigung - Pasturs Voluntaris\",\"isPartOf\":{\"@id\":\"https:\/\/pasturs-voluntaris.ch\/#website\"},\"datePublished\":\"2022-04-28T15:15:46+00:00\",\"dateModified\":\"2022-06-22T09:23:37+00:00\",\"breadcrumb\":{\"@id\":\"https:\/\/pasturs-voluntaris.ch\/fehlende-berechtigung\/#breadcrumb\"},\"inLanguage\":\"ch-ro\",\"potentialAction\":[{\"@type\":\"ReadAction\",\"target\":[\"https:\/\/pasturs-voluntaris.ch\/fehlende-berechtigung\/\"]}]},{\"@type\":\"BreadcrumbList\",\"@id\":\"https:\/\/pasturs-voluntaris.ch\/fehlende-berechtigung\/#breadcrumb\",\"itemListElement\":[{\"@type\":\"ListItem\",\"position\":1,\"name\":\"Startseite\",\"item\":\"https:\/\/pasturs-voluntaris.ch\/\"},{\"@type\":\"ListItem\",\"position\":2,\"name\":\"Fehlende Berechtigung\"}]},{\"@type\":\"WebSite\",\"@id\":\"https:\/\/pasturs-voluntaris.ch\/#website\",\"url\":\"https:\/\/pasturs-voluntaris.ch\/\",\"name\":\"Pasturs Voluntaris\",\"description\":\"Gemeinsam f\u00fcr den Herdenschutz Graub\u00fcnden\",\"publisher\":{\"@id\":\"https:\/\/pasturs-voluntaris.ch\/#organization\"},\"potentialAction\":[{\"@type\":\"SearchAction\",\"target\":{\"@type\":\"EntryPoint\",\"urlTemplate\":\"https:\/\/pasturs-voluntaris.ch\/?s={search_term_string}\"},\"query-input\":{\"@type\":\"PropertyValueSpecification\",\"valueRequired\":true,\"valueName\":\"search_term_string\"}}],\"inLanguage\":\"ch-ro\"},{\"@type\":\"Organization\",\"@id\":\"https:\/\/pasturs-voluntaris.ch\/#organization\",\"name\":\"Pasturs Voluntaris\",\"url\":\"https:\/\/pasturs-voluntaris.ch\/\",\"logo\":{\"@type\":\"ImageObject\",\"inLanguage\":\"ch-ro\",\"@id\":\"https:\/\/pasturs-voluntaris.ch\/#\/schema\/logo\/image\/\",\"url\":false,\"contentUrl\":false,\"width\":839,\"height\":349,\"caption\":\"Pasturs Voluntaris\"},\"image\":{\"@id\":\"https:\/\/pasturs-voluntaris.ch\/#\/schema\/logo\/image\/\"}}]}<\/script>\n<!-- \/ Yoast SEO plugin. -->","yoast_head_json":{"title":"Fehlende Berechtigung - Pasturs Voluntaris","robots":{"index":"noindex","follow":"nofollow"},"og_locale":"en_US","og_type":"article","og_title":"Fehlende Berechtigung - Pasturs Voluntaris","og_description":"Fehlende Berechtigung Bist du angemeldet? Dann fehlen dir leider die n\u00f6tigen Berechtigungen, um Eins\u00e4tze in dieser Kategorie einzusehen. Sonst kannst du dich \u00fcber den untenstehenden Button anmelden. Zur\u00fcck zu den Eins\u00e4tzen Anmelden Registrieren","og_url":"https:\/\/pasturs-voluntaris.ch\/ro\/fehlende-berechtigung\/","og_site_name":"Pasturs Voluntaris","article_modified_time":"2022-06-22T09:23:37+00:00","twitter_card":"summary_large_image","twitter_misc":{"Est. reading time":"1 minute"},"schema":{"@context":"https:\/\/schema.org","@graph":[{"@type":"WebPage","@id":"https:\/\/pasturs-voluntaris.ch\/fehlende-berechtigung\/","url":"https:\/\/pasturs-voluntaris.ch\/fehlende-berechtigung\/","name":"Fehlende Berechtigung - Pasturs Voluntaris","isPartOf":{"@id":"https:\/\/pasturs-voluntaris.ch\/#website"},"datePublished":"2022-04-28T15:15:46+00:00","dateModified":"2022-06-22T09:23:37+00:00","breadcrumb":{"@id":"https:\/\/pasturs-voluntaris.ch\/fehlende-berechtigung\/#breadcrumb"},"inLanguage":"ch-ro","potentialAction":[{"@type":"ReadAction","target":["https:\/\/pasturs-voluntaris.ch\/fehlende-berechtigung\/"]}]},{"@type":"BreadcrumbList","@id":"https:\/\/pasturs-voluntaris.ch\/fehlende-berechtigung\/#breadcrumb","itemListElement":[{"@type":"ListItem","position":1,"name":"Startseite","item":"https:\/\/pasturs-voluntaris.ch\/"},{"@type":"ListItem","position":2,"name":"Fehlende Berechtigung"}]},{"@type":"WebSite","@id":"https:\/\/pasturs-voluntaris.ch\/#website","url":"https:\/\/pasturs-voluntaris.ch\/","name":"Pasturs Voluntaris","description":"Gemeinsam f\u00fcr den Herdenschutz Graub\u00fcnden","publisher":{"@id":"https:\/\/pasturs-voluntaris.ch\/#organization"},"potentialAction":[{"@type":"SearchAction","target":{"@type":"EntryPoint","urlTemplate":"https:\/\/pasturs-voluntaris.ch\/?s={search_term_string}"},"query-input":{"@type":"PropertyValueSpecification","valueRequired":true,"valueName":"search_term_string"}}],"inLanguage":"ch-ro"},{"@type":"Organization","@id":"https:\/\/pasturs-voluntaris.ch\/#organization","name":"Pasturs Voluntaris","url":"https:\/\/pasturs-voluntaris.ch\/","logo":{"@type":"ImageObject","inLanguage":"ch-ro","@id":"https:\/\/pasturs-voluntaris.ch\/#\/schema\/logo\/image\/","url":false,"contentUrl":false,"width":839,"height":349,"caption":"Pasturs Voluntaris"},"image":{"@id":"https:\/\/pasturs-voluntaris.ch\/#\/schema\/logo\/image\/"}}]}},"_links":{"self":[{"href":"https:\/\/pasturs-voluntaris.ch\/ro\/wp-json\/wp\/v2\/pages\/3692","targetHints":{"allow":["GET"]}}],"collection":[{"href":"https:\/\/pasturs-voluntaris.ch\/ro\/wp-json\/wp\/v2\/pages"}],"about":[{"href":"https:\/\/pasturs-voluntaris.ch\/ro\/wp-json\/wp\/v2\/types\/page"}],"author":[{"embeddable":true,"href":"https:\/\/pasturs-voluntaris.ch\/ro\/wp-json\/wp\/v2\/users\/1"}],"replies":[{"embeddable":true,"href":"https:\/\/pasturs-voluntaris.ch\/ro\/wp-json\/wp\/v2\/comments?post=3692"}],"version-history":[{"count":22,"href":"https:\/\/pasturs-voluntaris.ch\/ro\/wp-json\/wp\/v2\/pages\/3692\/revisions"}],"predecessor-version":[{"id":4398,"href":"https:\/\/pasturs-voluntaris.ch\/ro\/wp-json\/wp\/v2\/pages\/3692\/revisions\/4398"}],"wp:attachment":[{"href":"https:\/\/pasturs-voluntaris.ch\/ro\/wp-json\/wp\/v2\/media?parent=3692"}],"curies":[{"name":"wp","href":"https:\/\/api.w.org\/{rel}","templated":true}]}}