{"id":3172,"date":"2022-04-12T13:41:19","date_gmt":"2022-04-12T11:41:19","guid":{"rendered":"https:\/\/pasturs-voluntaris.ch\/?page_id=3172"},"modified":"2022-10-25T11:01:39","modified_gmt":"2022-10-25T09:01:39","slug":"agb","status":"publish","type":"page","link":"https:\/\/pasturs-voluntaris.ch\/it\/agb\/","title":{"rendered":"CGC"},"content":{"rendered":"<div data-elementor-type=\"wp-page\" data-elementor-id=\"3172\" class=\"elementor elementor-3172\" data-elementor-post-type=\"page\">\n\t\t\t\t\t\t<section class=\"elementor-section elementor-top-section elementor-element elementor-element-712f3e0 elementor-section-height-min-height elementor-section-items-bottom elementor-section-boxed elementor-section-height-default\" data-id=\"712f3e0\" data-element_type=\"section\" data-e-type=\"section\" data-settings=\"{&quot;background_background&quot;:&quot;classic&quot;}\">\n\t\t\t\t\t\t\t<div class=\"elementor-background-overlay\"><\/div>\n\t\t\t\t\t\t\t<div class=\"elementor-container elementor-column-gap-default\">\n\t\t\t\t\t<div class=\"elementor-column elementor-col-100 elementor-top-column elementor-element elementor-element-297bf51a\" data-id=\"297bf51a\" data-element_type=\"column\" data-e-type=\"column\">\n\t\t\t<div class=\"elementor-widget-wrap elementor-element-populated\">\n\t\t\t\t\t\t<div class=\"elementor-element elementor-element-7060f7fe elementor-widget elementor-widget-heading\" data-id=\"7060f7fe\" data-element_type=\"widget\" data-e-type=\"widget\" data-widget_type=\"heading.default\">\n\t\t\t\t<div class=\"elementor-widget-container\">\n\t\t\t\t\t<h1 class=\"elementor-heading-title elementor-size-default\">CGC<\/h1>\t\t\t\t<\/div>\n\t\t\t\t<\/div>\n\t\t\t\t\t<\/div>\n\t\t<\/div>\n\t\t\t\t\t<\/div>\n\t\t<\/section>\n\t\t\t\t<section class=\"elementor-section elementor-top-section elementor-element elementor-element-11ab6831 elementor-section-boxed elementor-section-height-default elementor-section-height-default\" data-id=\"11ab6831\" data-element_type=\"section\" data-e-type=\"section\">\n\t\t\t\t\t\t<div class=\"elementor-container elementor-column-gap-default\">\n\t\t\t\t\t<div class=\"elementor-column elementor-col-100 elementor-top-column elementor-element elementor-element-66488b9e\" data-id=\"66488b9e\" data-element_type=\"column\" data-e-type=\"column\">\n\t\t\t<div class=\"elementor-widget-wrap elementor-element-populated\">\n\t\t\t\t\t\t<div class=\"elementor-element elementor-element-e3d0eed elementor-widget elementor-widget-text-editor\" data-id=\"e3d0eed\" data-element_type=\"widget\" data-e-type=\"widget\" data-widget_type=\"text-editor.default\">\n\t\t\t\t<div class=\"elementor-widget-container\">\n\t\t\t\t\t\t\t\t\t<h2><span style=\"color: var( --e-global-color-primary ); font-family: inherit; font-size: 32px;\">Corso di formazione<\/span><\/h2>\n<div>Mit der Registrierung bei Pasturs Voluntaris best\u00e4tigen Sie, dass Sie mindestens 18 Jahre alt und im Besitz einer g\u00fcltigen Haftpflichtversicherung sind. Pasturs Voluntaris und die Partnerorganisationen (Pro Natura Graub\u00fcnden, WWF, Gruppe Wolf Schweiz, Parc Ela und Biosfera Val M\u00fcstair) lehnen jegliche Haftung bei Sch\u00e4den an eigenem sowie fremdem Besitz w\u00e4hrend der Ausbildungskurse ab.<\/div>\n<div>&nbsp;<span style=\"color: var( --e-global-color-text );\"><br><\/span><\/div>\n<p>Pasturs Voluntaris und die Partnerorganisationen lehnen die Haftung bei Unf\u00e4llen aller Art w\u00e4hrend der Ausbildungskurse ab. Alle Versicherungen sind Sache der Teilnehmenden.&nbsp;<\/p>\n<div>\n<p><span style=\"color: var( --e-global-color-text );\">Mit der Teilnahme an einem Ausbildungskurs von Pasturs Voluntaris verpflichten Sie sich zur Zahlung der festgelegten Kursgeb\u00fchr. Die H\u00f6he der jeweiligen Kursgeb\u00fchr ist in den Kursinformationen enthalten.&nbsp;<\/span><\/p>\n<h2><span style=\"color: var( --e-global-color-primary ); font-family: inherit; font-size: 32px;\">Interventi<\/span><\/h2>\n<p><span style=\"color: var( --e-global-color-text );\">Pasturs Voluntaris und die Partnerorganisationen lehnen jegliche Haftung bei Sch\u00e4den an eigenem sowie fremdem Besitz w\u00e4hrend der Freiwilligeneins\u00e4tze ab. Weiter lehnen Pasturs Voluntaris und die Partnerorganisationen die Haftung bei Unf\u00e4llen aller Art w\u00e4hrend der Freiwilligeneins\u00e4tze ab. Versicherungen sind Sache der Freiwilligen bzw. der hilfenehmenden Personen.&nbsp;<\/span><\/p>\n<p><span style=\"color: var( --e-global-color-text );\">Nach dem erstmaligen Einsatz von Freiwilligen auf dem Betrieb, ist die hilfenehmende Person\/Genossenschaft\/Betrieb verpflichtet die festgelegte Jahresgeb\u00fchr zu bezahlen. Die Jahresgeb\u00fchr betr\u00e4gt f\u00fcr Alpbetriebe CHF 100.- und f\u00fcr Heimbetriebe CHF 50.-.&nbsp;<\/span><\/p>\n<h2><span style=\"color: var( --e-global-color-primary ); font-family: inherit; font-size: 32px;\">Datenverwendung<\/span><\/h2>\n<p style=\"color: #000000; font-size: 16px;\"><span style=\"color: var( --e-global-color-text );\">Die allgemeinen Bestimmungen zum Datenschutz finden Sie&nbsp;<\/span><a href=\"https:\/\/pasturs-voluntaris.ch\/it\/datenschutz\/\" target=\"_blank\">hier<\/a><span style=\"color: var( --e-global-color-text );\">.&nbsp;&nbsp;<\/span><br><\/p>\n<h2><span style=\"color: var( --e-global-color-primary ); font-family: inherit; font-size: 32px;\">1. Freiwillige<\/span><\/h2>\n<p style=\"color: #000000; font-size: 16px;\"><span style=\"color: var( --e-global-color-text );\">Ihre Kontaktdaten (Name, Adresse, Telefonnummer, E-Mail-Adresse) k\u00f6nnen in gewissen F\u00e4llen an andere registrierte Freiwillige des Projekts weitergegeben werden. Ein solcher Fall ist z. B. der Versand der Teilnehmerliste eines Ausbildungskurses an die Teilnehmenden. Mit der Registrierung auf der Plattform erkl\u00e4ren Sie sich damit einverstanden.<\/span><\/p>\n<p style=\"color: #000000; font-size: 16px;\"><span style=\"color: var( --e-global-color-text );\">Mit der Registrierung f\u00fcr einen Einsatz erkl\u00e4ren Sie sich einverstanden, dass Ihre Kontaktdaten an die hilfenehmende Person weitergegeben werden.&nbsp;<\/span><\/p>\n<h2><span style=\"color: var( --e-global-color-primary ); font-family: inherit; font-size: 32px;\">2. Hilfenehmende Person\/Genossenschaft\/Betrieb<\/span><\/h2>\n<p><span style=\"color: var( --e-global-color-text );\">Mit dem Absenden der Einsatzanfrage best\u00e4tigen Sie, dass Ihre Kontaktdaten (Name, Adresse, Telefonnummer, E-Mail-Adresse) an die Freiwilligen weitergegeben werden, die sich f\u00fcr den Einsatz registriert haben.&nbsp;<\/span><\/p>\n<div><span style=\"color: var( --e-global-color-primary ); font-family: inherit; font-size: 32px;\"><br><\/span><\/div>\n<div>\n<h2><span style=\"font-size: 32px;\">Ihr Pasturs Voluntaris Team<\/span><\/h2>\n<div><span style=\"color: var( --e-global-color-text );\">Pasturs Voluntaris<\/span><br><\/div>\n<\/div>\n<p><span style=\"color: var( --e-global-color-text );\">Hartbertstrasse 11<\/span><br><span style=\"color: var( --e-global-color-text );\">7000 Coira<\/span><br><\/p>\n<\/div>\n<p><br><\/p>\n<p>Stand: 13.04.2022<\/p>\t\t\t\t\t\t\t\t<\/div>\n\t\t\t\t<\/div>\n\t\t\t\t\t<\/div>\n\t\t<\/div>\n\t\t\t\t\t<\/div>\n\t\t<\/section>\n\t\t\t\t<\/div>","protected":false},"excerpt":{"rendered":"<p>AGB Ausbildungskurse Mit der Registrierung bei Pasturs Voluntaris best\u00e4tigen Sie, dass Sie mindestens 18 Jahre alt und im Besitz einer g\u00fcltigen Haftpflichtversicherung sind. Pasturs Voluntaris und die Partnerorganisationen (Pro Natura Graub\u00fcnden, WWF, Gruppe Wolf Schweiz, Parc Ela und Biosfera Val M\u00fcstair) lehnen jegliche Haftung bei Sch\u00e4den an eigenem sowie fremdem Besitz w\u00e4hrend der Ausbildungskurse ab. [&hellip;]<\/p>\n","protected":false},"author":1,"featured_media":0,"parent":0,"menu_order":0,"comment_status":"closed","ping_status":"closed","template":"","meta":{"_acf_changed":false,"footnotes":""},"class_list":["post-3172","page","type-page","status-publish","hentry"],"acf":[],"yoast_head":"<!-- This site is optimized with the Yoast SEO plugin v27.3 - https:\/\/yoast.com\/product\/yoast-seo-wordpress\/ -->\n<title>AGB - Pasturs Voluntaris<\/title>\n<meta name=\"robots\" content=\"index, follow, max-snippet:-1, max-image-preview:large, max-video-preview:-1\" \/>\n<link rel=\"canonical\" href=\"https:\/\/pasturs-voluntaris.ch\/it\/agb\/\" \/>\n<meta property=\"og:locale\" content=\"it_IT\" \/>\n<meta property=\"og:type\" content=\"article\" \/>\n<meta property=\"og:title\" content=\"AGB - Pasturs Voluntaris\" \/>\n<meta property=\"og:description\" content=\"AGB Ausbildungskurse Mit der Registrierung bei Pasturs Voluntaris best\u00e4tigen Sie, dass Sie mindestens 18 Jahre alt und im Besitz einer g\u00fcltigen Haftpflichtversicherung sind. Pasturs Voluntaris und die Partnerorganisationen (Pro Natura Graub\u00fcnden, WWF, Gruppe Wolf Schweiz, Parc Ela und Biosfera Val M\u00fcstair) lehnen jegliche Haftung bei Sch\u00e4den an eigenem sowie fremdem Besitz w\u00e4hrend der Ausbildungskurse ab. [&hellip;]\" \/>\n<meta property=\"og:url\" content=\"https:\/\/pasturs-voluntaris.ch\/it\/agb\/\" \/>\n<meta property=\"og:site_name\" content=\"Pasturs Voluntaris\" \/>\n<meta property=\"article:modified_time\" content=\"2022-10-25T09:01:39+00:00\" \/>\n<meta name=\"twitter:card\" content=\"summary_large_image\" \/>\n<meta name=\"twitter:label1\" content=\"Tempo di lettura stimato\" \/>\n\t<meta name=\"twitter:data1\" content=\"2 minuti\" \/>\n<script type=\"application\/ld+json\" class=\"yoast-schema-graph\">{\"@context\":\"https:\\\/\\\/schema.org\",\"@graph\":[{\"@type\":\"WebPage\",\"@id\":\"https:\\\/\\\/pasturs-voluntaris.ch\\\/agb\\\/\",\"url\":\"https:\\\/\\\/pasturs-voluntaris.ch\\\/agb\\\/\",\"name\":\"AGB - Pasturs Voluntaris\",\"isPartOf\":{\"@id\":\"https:\\\/\\\/pasturs-voluntaris.ch\\\/#website\"},\"datePublished\":\"2022-04-12T11:41:19+00:00\",\"dateModified\":\"2022-10-25T09:01:39+00:00\",\"breadcrumb\":{\"@id\":\"https:\\\/\\\/pasturs-voluntaris.ch\\\/agb\\\/#breadcrumb\"},\"inLanguage\":\"it-IT\",\"potentialAction\":[{\"@type\":\"ReadAction\",\"target\":[\"https:\\\/\\\/pasturs-voluntaris.ch\\\/agb\\\/\"]}]},{\"@type\":\"BreadcrumbList\",\"@id\":\"https:\\\/\\\/pasturs-voluntaris.ch\\\/agb\\\/#breadcrumb\",\"itemListElement\":[{\"@type\":\"ListItem\",\"position\":1,\"name\":\"Startseite\",\"item\":\"https:\\\/\\\/pasturs-voluntaris.ch\\\/\"},{\"@type\":\"ListItem\",\"position\":2,\"name\":\"AGB\"}]},{\"@type\":\"WebSite\",\"@id\":\"https:\\\/\\\/pasturs-voluntaris.ch\\\/#website\",\"url\":\"https:\\\/\\\/pasturs-voluntaris.ch\\\/\",\"name\":\"Pasturs Voluntaris\",\"description\":\"Gemeinsam f\u00fcr den Herdenschutz Graub\u00fcnden\",\"publisher\":{\"@id\":\"https:\\\/\\\/pasturs-voluntaris.ch\\\/#organization\"},\"potentialAction\":[{\"@type\":\"SearchAction\",\"target\":{\"@type\":\"EntryPoint\",\"urlTemplate\":\"https:\\\/\\\/pasturs-voluntaris.ch\\\/?s={search_term_string}\"},\"query-input\":{\"@type\":\"PropertyValueSpecification\",\"valueRequired\":true,\"valueName\":\"search_term_string\"}}],\"inLanguage\":\"it-IT\"},{\"@type\":\"Organization\",\"@id\":\"https:\\\/\\\/pasturs-voluntaris.ch\\\/#organization\",\"name\":\"Pasturs Voluntaris\",\"url\":\"https:\\\/\\\/pasturs-voluntaris.ch\\\/\",\"logo\":{\"@type\":\"ImageObject\",\"inLanguage\":\"it-IT\",\"@id\":\"https:\\\/\\\/pasturs-voluntaris.ch\\\/#\\\/schema\\\/logo\\\/image\\\/\",\"url\":false,\"contentUrl\":false,\"width\":839,\"height\":349,\"caption\":\"Pasturs Voluntaris\"},\"image\":{\"@id\":\"https:\\\/\\\/pasturs-voluntaris.ch\\\/#\\\/schema\\\/logo\\\/image\\\/\"}}]}<\/script>\n<!-- \/ Yoast SEO plugin. -->","yoast_head_json":{"title":"AGB - Pasturs Voluntaris","robots":{"index":"index","follow":"follow","max-snippet":"max-snippet:-1","max-image-preview":"max-image-preview:large","max-video-preview":"max-video-preview:-1"},"canonical":"https:\/\/pasturs-voluntaris.ch\/it\/agb\/","og_locale":"it_IT","og_type":"article","og_title":"AGB - Pasturs Voluntaris","og_description":"AGB Ausbildungskurse Mit der Registrierung bei Pasturs Voluntaris best\u00e4tigen Sie, dass Sie mindestens 18 Jahre alt und im Besitz einer g\u00fcltigen Haftpflichtversicherung sind. Pasturs Voluntaris und die Partnerorganisationen (Pro Natura Graub\u00fcnden, WWF, Gruppe Wolf Schweiz, Parc Ela und Biosfera Val M\u00fcstair) lehnen jegliche Haftung bei Sch\u00e4den an eigenem sowie fremdem Besitz w\u00e4hrend der Ausbildungskurse ab. [&hellip;]","og_url":"https:\/\/pasturs-voluntaris.ch\/it\/agb\/","og_site_name":"Pasturs Voluntaris","article_modified_time":"2022-10-25T09:01:39+00:00","twitter_card":"summary_large_image","twitter_misc":{"Tempo di lettura stimato":"2 minuti"},"schema":{"@context":"https:\/\/schema.org","@graph":[{"@type":"WebPage","@id":"https:\/\/pasturs-voluntaris.ch\/agb\/","url":"https:\/\/pasturs-voluntaris.ch\/agb\/","name":"AGB - Pasturs Voluntaris","isPartOf":{"@id":"https:\/\/pasturs-voluntaris.ch\/#website"},"datePublished":"2022-04-12T11:41:19+00:00","dateModified":"2022-10-25T09:01:39+00:00","breadcrumb":{"@id":"https:\/\/pasturs-voluntaris.ch\/agb\/#breadcrumb"},"inLanguage":"it-IT","potentialAction":[{"@type":"ReadAction","target":["https:\/\/pasturs-voluntaris.ch\/agb\/"]}]},{"@type":"BreadcrumbList","@id":"https:\/\/pasturs-voluntaris.ch\/agb\/#breadcrumb","itemListElement":[{"@type":"ListItem","position":1,"name":"Startseite","item":"https:\/\/pasturs-voluntaris.ch\/"},{"@type":"ListItem","position":2,"name":"AGB"}]},{"@type":"WebSite","@id":"https:\/\/pasturs-voluntaris.ch\/#website","url":"https:\/\/pasturs-voluntaris.ch\/","name":"Pasturs Voluntaris","description":"Gemeinsam f\u00fcr den Herdenschutz Graub\u00fcnden","publisher":{"@id":"https:\/\/pasturs-voluntaris.ch\/#organization"},"potentialAction":[{"@type":"SearchAction","target":{"@type":"EntryPoint","urlTemplate":"https:\/\/pasturs-voluntaris.ch\/?s={search_term_string}"},"query-input":{"@type":"PropertyValueSpecification","valueRequired":true,"valueName":"search_term_string"}}],"inLanguage":"it-IT"},{"@type":"Organization","@id":"https:\/\/pasturs-voluntaris.ch\/#organization","name":"Pasturs Voluntaris","url":"https:\/\/pasturs-voluntaris.ch\/","logo":{"@type":"ImageObject","inLanguage":"it-IT","@id":"https:\/\/pasturs-voluntaris.ch\/#\/schema\/logo\/image\/","url":false,"contentUrl":false,"width":839,"height":349,"caption":"Pasturs Voluntaris"},"image":{"@id":"https:\/\/pasturs-voluntaris.ch\/#\/schema\/logo\/image\/"}}]}},"_links":{"self":[{"href":"https:\/\/pasturs-voluntaris.ch\/it\/wp-json\/wp\/v2\/pages\/3172","targetHints":{"allow":["GET"]}}],"collection":[{"href":"https:\/\/pasturs-voluntaris.ch\/it\/wp-json\/wp\/v2\/pages"}],"about":[{"href":"https:\/\/pasturs-voluntaris.ch\/it\/wp-json\/wp\/v2\/types\/page"}],"author":[{"embeddable":true,"href":"https:\/\/pasturs-voluntaris.ch\/it\/wp-json\/wp\/v2\/users\/1"}],"replies":[{"embeddable":true,"href":"https:\/\/pasturs-voluntaris.ch\/it\/wp-json\/wp\/v2\/comments?post=3172"}],"version-history":[{"count":9,"href":"https:\/\/pasturs-voluntaris.ch\/it\/wp-json\/wp\/v2\/pages\/3172\/revisions"}],"predecessor-version":[{"id":4739,"href":"https:\/\/pasturs-voluntaris.ch\/it\/wp-json\/wp\/v2\/pages\/3172\/revisions\/4739"}],"wp:attachment":[{"href":"https:\/\/pasturs-voluntaris.ch\/it\/wp-json\/wp\/v2\/media?parent=3172"}],"curies":[{"name":"wp","href":"https:\/\/api.w.org\/{rel}","templated":true}]}}